{"id":64,"date":"2024-07-09T18:53:28","date_gmt":"2024-07-09T18:53:28","guid":{"rendered":"https:\/\/hullrobot.ee\/home\/"},"modified":"2025-07-12T05:33:24","modified_gmt":"2025-07-12T05:33:24","slug":"service","status":"publish","type":"page","link":"https:\/\/hullrobot.ee\/et\/service\/","title":{"rendered":"Remont ja hooldus"},"content":{"rendered":"<div class=\"wp-block-group alignfull has-background-background-color has-background has-global-padding is-layout-constrained wp-container-core-group-is-layout-7276a2bb wp-block-group-is-layout-constrained\" style=\"margin-top:0;margin-bottom:0;padding-top:var(--wp--preset--spacing--60);padding-right:var(--wp--preset--spacing--30);padding-bottom:var(--wp--preset--spacing--60);padding-left:var(--wp--preset--spacing--30)\">\n<div class=\"wp-block-columns alignwide are-vertically-aligned-center is-layout-flex wp-container-core-columns-is-layout-d0bbbce0 wp-block-columns-is-layout-flex\">\n<div class=\"wp-block-column is-vertically-aligned-center is-layout-flow wp-block-column-is-layout-flow\">\n<h1 class=\"wp-block-heading\" style=\"margin-top:12px\">Innovatiivne paadip\u00f5hja puhastamise tehnoloogia KeelCrab Pro<\/h1>\n\n\n\n<p style=\"margin-top:16px\">HULLROBOT tutvustab Eestis revolutsioonilist allveedrooni KeelCrab Pro.<\/p>\n\n\n\n<div class=\"wp-block-buttons is-layout-flex wp-container-core-buttons-is-layout-12dcd427 wp-block-buttons-is-layout-flex\" style=\"margin-top:var(--wp--preset--spacing--40)\">\n<div class=\"wp-block-button\"><a class=\"wp-block-button__link wp-element-button\" href=\"https:\/\/hullrobot.ee\/et\/about\/\">Loe lisa<\/a><\/div>\n<\/div>\n<\/div>\n\n\n\n<div class=\"wp-block-column is-vertically-aligned-center is-layout-flow wp-block-column-is-layout-flow\">\n<figure class=\"wp-block-image size-large is-style-rounded\"><img loading=\"lazy\" decoding=\"async\" width=\"1024\" height=\"576\" src=\"https:\/\/hullrobot.ee\/wp-content\/uploads\/2024\/07\/IMG_7210-1024x576.jpeg\" alt=\"\" class=\"wp-image-93\" style=\"aspect-ratio:1;object-fit:cover\" srcset=\"https:\/\/hullrobot.ee\/wp-content\/uploads\/2024\/07\/IMG_7210-1024x576.jpeg 1024w, https:\/\/hullrobot.ee\/wp-content\/uploads\/2024\/07\/IMG_7210-300x169.jpeg 300w, https:\/\/hullrobot.ee\/wp-content\/uploads\/2024\/07\/IMG_7210-768x432.jpeg 768w, https:\/\/hullrobot.ee\/wp-content\/uploads\/2024\/07\/IMG_7210-1536x864.jpeg 1536w, https:\/\/hullrobot.ee\/wp-content\/uploads\/2024\/07\/IMG_7210-2048x1152.jpeg 2048w, https:\/\/hullrobot.ee\/wp-content\/uploads\/2024\/07\/IMG_7210-600x338.jpeg 600w\" sizes=\"auto, (max-width: 1024px) 100vw, 1024px\" \/><\/figure>\n<\/div>\n<\/div>\n<\/div>\n\n\n\n<div class=\"wp-block-group alignfull has-background-background-color has-background has-global-padding is-layout-constrained wp-container-core-group-is-layout-7276a2bb wp-block-group-is-layout-constrained\" style=\"margin-top:0;margin-bottom:0;padding-top:var(--wp--preset--spacing--60);padding-right:var(--wp--preset--spacing--30);padding-bottom:var(--wp--preset--spacing--60);padding-left:var(--wp--preset--spacing--30)\">\n<div class=\"wp-block-columns alignwide are-vertically-aligned-top is-layout-flex wp-container-core-columns-is-layout-08c01c1c wp-block-columns-is-layout-flex\">\n<div class=\"wp-block-column is-vertically-aligned-top is-layout-flow wp-block-column-is-layout-flow\">\n<div class=\"wp-block-group has-global-padding is-layout-constrained wp-block-group-is-layout-constrained\">\n<h3 class=\"wp-block-heading\" style=\"font-size:clamp(14px, 0.875rem + ((1vw - 3.2px) * 0.625), 20px);line-height:1.5\">Maksimaalne j\u00f5udlus<\/h3>\n\n\n\n<p class=\"has-small-font-size\" style=\"margin-top:8px\">Olenemata sellest, kas liikumiseks kasutatakse purje v\u00f5i mootorit \u2013 puhas ja sile paadip\u00f5hi v\u00f5ib olla 10\u201320% kiirem kui karpidega kaetud p\u00f5hi.<\/p>\n<\/div>\n\n\n\n<div class=\"wp-block-group has-global-padding is-layout-constrained wp-block-group-is-layout-constrained\">\n<h3 class=\"wp-block-heading\" style=\"font-size:clamp(14px, 0.875rem + ((1vw - 3.2px) * 0.625), 20px);line-height:1.5\">V\u00e4henda k\u00fctusekulu<\/h3>\n\n\n\n<p class=\"has-small-font-size\" style=\"margin-top:8px\">Puhas p\u00f5hi v\u00e4hendab veetakistust ja s\u00e4\u00e4stab seega k\u00fctust. K\u00fctusekulu v\u00f5ib v\u00e4heneda kuni 20%, mis on eriti oluline palju k\u00fctust tarbivate mootorpaatide omanikele.<\/p>\n<\/div>\n\n\n\n<div class=\"wp-block-group has-global-padding is-layout-constrained wp-block-group-is-layout-constrained\">\n<h3 class=\"wp-block-heading\" style=\"font-size:clamp(14px, 0.875rem + ((1vw - 3.2px) * 0.625), 20px);line-height:1.5\">S\u00e4\u00e4sta keskkonda<\/h3>\n\n\n\n<p class=\"has-small-font-size\" style=\"margin-top:8px\">KeelCrab meetod on 100% ohutu merekeskkonnale, sest see ei kasuta kemikaale. See tagab, et puhastusprotsess ei avalda veeorganismidele negatiivset m\u00f5ju.<\/p>\n<\/div>\n\n\n\n<h3 class=\"wp-block-heading\" style=\"font-size:clamp(14px, 0.875rem + ((1vw - 3.2px) * 0.625), 20px);line-height:1.5\">S\u00e4\u00e4sta raha<\/h3>\n\n\n\n<p class=\"has-small-font-size\" style=\"margin-top:8px\">Regulaarne paadip\u00f5hja puhastamine kogu hooaja v\u00e4ltel hoiab p\u00f5hja optimaalses seisukorras, v\u00e4hendab k\u00fctusekulu, pikendab m\u00fcrkv\u00e4rvi eluiga ning s\u00e4\u00e4stab tunde k\u00e4sit\u00f6\u00f6d p\u00e4rast paadi talveks veest v\u00e4lja t\u00f5stmist. K\u00f5ik need tegurid kokku annavad m\u00e4rkimisv\u00e4\u00e4rse rahalise s\u00e4\u00e4stu kogu hooaja jooksul.<\/p>\n<\/div>\n\n\n\n<div class=\"wp-block-column is-vertically-aligned-top is-layout-flow wp-block-column-is-layout-flow\">\n<figure class=\"wp-block-image ext-aspect-landscape\"><img loading=\"lazy\" decoding=\"async\" width=\"1280\" height=\"854\" src=\"https:\/\/hullrobot.ee\/wp-content\/uploads\/2024\/07\/f99699ae586a4a51ddfeaf27f08971f5f9dd9031.jpg\" alt=\"\" class=\"wp-image-77\" style=\"aspect-ratio:4\/3;object-fit:cover\" srcset=\"https:\/\/hullrobot.ee\/wp-content\/uploads\/2024\/07\/f99699ae586a4a51ddfeaf27f08971f5f9dd9031.jpg 1280w, https:\/\/hullrobot.ee\/wp-content\/uploads\/2024\/07\/f99699ae586a4a51ddfeaf27f08971f5f9dd9031-300x200.jpg 300w, https:\/\/hullrobot.ee\/wp-content\/uploads\/2024\/07\/f99699ae586a4a51ddfeaf27f08971f5f9dd9031-1024x683.jpg 1024w, https:\/\/hullrobot.ee\/wp-content\/uploads\/2024\/07\/f99699ae586a4a51ddfeaf27f08971f5f9dd9031-768x512.jpg 768w, https:\/\/hullrobot.ee\/wp-content\/uploads\/2024\/07\/f99699ae586a4a51ddfeaf27f08971f5f9dd9031-600x400.jpg 600w\" sizes=\"auto, (max-width: 1280px) 100vw, 1280px\" \/><\/figure>\n<\/div>\n<\/div>\n<\/div>\n\n\n\n<div class=\"wp-block-group alignfull has-background-background-color has-background has-global-padding is-layout-constrained wp-container-core-group-is-layout-7276a2bb wp-block-group-is-layout-constrained\" style=\"margin-top:0;margin-bottom:0;padding-top:var(--wp--preset--spacing--60);padding-right:var(--wp--preset--spacing--30);padding-bottom:var(--wp--preset--spacing--60);padding-left:var(--wp--preset--spacing--30)\">\n<div class=\"wp-block-group alignwide has-global-padding is-content-justification-left is-layout-constrained wp-container-core-group-is-layout-8b4c372c wp-block-group-is-layout-constrained\">\n<h2 class=\"wp-block-heading has-large-font-size\">@hullrobot sotsiaalmeedias <\/h2>\n\n\n\n<p style=\"margin-top:16px\"><a href=\"https:\/\/www.facebook.com\/hullrobot\">HULLROBOT Facebookis<\/a><\/p>\n\n\n\n<p><a href=\"https:\/\/www.instagram.com\/hullrobot\" title=\"HULLROBOT Instagramis\">HULLROBOT Instagramis <\/a><\/p>\n<\/div>\n\n\n\n<div class=\"wp-block-columns alignwide is-layout-flex wp-container-core-columns-is-layout-87beb0d0 wp-block-columns-is-layout-flex\">\n<div class=\"wp-block-column has-tertiary-background-color has-background is-layout-flow wp-block-column-is-layout-flow\">\n<div class=\"wp-block-group has-global-padding is-layout-constrained wp-container-core-group-is-layout-659b56d5 wp-block-group-is-layout-constrained\" style=\"padding-top:var(--wp--preset--spacing--30);padding-right:24px;padding-bottom:var(--wp--preset--spacing--30);padding-left:24px\">\n<h3 class=\"wp-block-heading has-primary-color has-text-color has-x-large-font-size\">450 drooni<\/h3>\n\n\n\n<h3 class=\"wp-block-heading has-medium-font-size\" style=\"margin-top:16px\">KeelCrab drooni \u00fcle maailma<\/h3>\n\n\n\n<p class=\"has-small-font-size\" style=\"margin-top:8px\">Alates turuletulekust aastal 2017, on \u00fcle maailma t\u00f6\u00f6s \u00fcle 450 KeelCrab drooni<\/p>\n<\/div>\n<\/div>\n\n\n\n<div class=\"wp-block-column has-tertiary-background-color has-background is-layout-flow wp-block-column-is-layout-flow\">\n<div class=\"wp-block-group has-global-padding is-layout-constrained wp-container-core-group-is-layout-659b56d5 wp-block-group-is-layout-constrained\" style=\"padding-top:var(--wp--preset--spacing--30);padding-right:24px;padding-bottom:var(--wp--preset--spacing--30);padding-left:24px\">\n<h3 class=\"wp-block-heading has-primary-color has-text-color has-x-large-font-size\">75 riiki<\/h3>\n\n\n\n<h3 class=\"wp-block-heading has-medium-font-size\" style=\"margin-top:16px\">KeelCrab on kasutusel 4 mandril<\/h3>\n\n\n\n<p class=\"has-small-font-size\" style=\"margin-top:8px\">T\u00e4nu roboti mitmek\u00fclgsusele ja kohandatvusele katab KeelCrabi v\u00f5rgustik 75 riiki neljal kontinendil.<\/p>\n<\/div>\n<\/div>\n\n\n\n<div class=\"wp-block-column has-tertiary-background-color has-background is-layout-flow wp-block-column-is-layout-flow\">\n<div class=\"wp-block-group has-global-padding is-layout-constrained wp-container-core-group-is-layout-659b56d5 wp-block-group-is-layout-constrained\" style=\"padding-top:var(--wp--preset--spacing--30);padding-right:24px;padding-bottom:var(--wp--preset--spacing--30);padding-left:24px\">\n<h3 class=\"wp-block-heading has-primary-color has-text-color has-x-large-font-size\">250<\/h3>\n\n\n\n<h3 class=\"wp-block-heading has-medium-font-size\" style=\"margin-top:16px\">KeelCrab Pointi \u00fcle maailma<\/h3>\n\n\n\n<p class=\"has-small-font-size translation-block\" style=\"margin-top:8px\">KeelCrab Point on tootja poolt sertifitseeritud mereteenuse pakkuja, kes kasutab KeelCrabi tehnoloogiat.\nHULLROBOT on esimene ja ainus KeelCrab Point Baltimaades.<\/p>\n<\/div>\n<\/div>\n<\/div>\n<\/div>\n\n\n\n<div class=\"wp-block-group alignfull has-background-background-color has-background has-global-padding is-layout-constrained wp-container-core-group-is-layout-7276a2bb wp-block-group-is-layout-constrained\" style=\"margin-top:0;margin-bottom:0;padding-top:var(--wp--preset--spacing--60);padding-right:var(--wp--preset--spacing--30);padding-bottom:var(--wp--preset--spacing--60);padding-left:var(--wp--preset--spacing--30)\">\n<div class=\"wp-block-columns alignwide is-layout-flex wp-container-core-columns-is-layout-fa584acd wp-block-columns-is-layout-flex\">\n<div class=\"wp-block-column is-layout-flow wp-block-column-is-layout-flow\" style=\"flex-basis:50%\">\n<h2 class=\"wp-block-heading has-large-font-size\">V\u00f5ta \u00fchendust:<\/h2>\n\n\n\n<p><strong>HULLROBOT KeelCrab\u2122 Point<\/strong><br>Port Noblessner (EE NOB)<br>D kai<br>Tallinn 10415<\/p>\n\n\n\n<p>WGS84 59\u00b027\u201912.8\u2033N, 24\u00b043\u201954.1\u2033E<\/p>\n\n\n\n<p>+372 5302 6877<\/p>\n\n\n\n<p>info (at) hullrobot.ee<\/p>\n<\/div>\n\n\n\n<div class=\"wp-block-column is-layout-flow wp-block-column-is-layout-flow\" style=\"flex-basis:50%\">\n<div style=\"position: relative;overflow: hidden;padding-top: 75%\">\n  \n<\/div>\n<\/div>\n<\/div>\n<\/div>","protected":false},"excerpt":{"rendered":"<p>Experience innovative boat hull cleaning with KeelCrab Pro! HULLROBOT introduces the KeelCrab underwater hull cleaning drone technology in Estonia. Maximise your boat&#8217;s performance Whether driven by sail or motor a clean, smooth hull can be 10-20% faster than one overgrown with barnacles. Reduce fuel consumption A clean hull saves fuel due to reduced hydrodynamic drag. [&hellip;]<\/p>\n","protected":false},"author":1,"featured_media":0,"parent":0,"menu_order":0,"comment_status":"closed","ping_status":"closed","template":"no-title","meta":{"_monsterinsights_skip_tracking":false,"_monsterinsights_sitenote_active":false,"_monsterinsights_sitenote_note":"","_monsterinsights_sitenote_category":0,"footnotes":""},"class_list":["post-64","page","type-page","status-publish","hentry"],"aioseo_notices":[],"_links":{"self":[{"href":"https:\/\/hullrobot.ee\/et\/wp-json\/wp\/v2\/pages\/64","targetHints":{"allow":["GET"]}}],"collection":[{"href":"https:\/\/hullrobot.ee\/et\/wp-json\/wp\/v2\/pages"}],"about":[{"href":"https:\/\/hullrobot.ee\/et\/wp-json\/wp\/v2\/types\/page"}],"author":[{"embeddable":true,"href":"https:\/\/hullrobot.ee\/et\/wp-json\/wp\/v2\/users\/1"}],"replies":[{"embeddable":true,"href":"https:\/\/hullrobot.ee\/et\/wp-json\/wp\/v2\/comments?post=64"}],"version-history":[{"count":11,"href":"https:\/\/hullrobot.ee\/et\/wp-json\/wp\/v2\/pages\/64\/revisions"}],"predecessor-version":[{"id":235,"href":"https:\/\/hullrobot.ee\/et\/wp-json\/wp\/v2\/pages\/64\/revisions\/235"}],"wp:attachment":[{"href":"https:\/\/hullrobot.ee\/et\/wp-json\/wp\/v2\/media?parent=64"}],"curies":[{"name":"wp","href":"https:\/\/api.w.org\/{rel}","templated":true}]}}