{"id":61,"date":"2024-07-09T18:53:27","date_gmt":"2024-07-09T18:53:27","guid":{"rendered":"https:\/\/hullrobot.ee\/about\/"},"modified":"2025-07-18T04:52:28","modified_gmt":"2025-07-18T04:52:28","slug":"about","status":"publish","type":"page","link":"https:\/\/hullrobot.ee\/et\/about\/","title":{"rendered":"About HULLROBOT"},"content":{"rendered":"<div class=\"wp-block-group alignfull has-background-background-color has-background has-global-padding is-layout-constrained wp-container-core-group-is-layout-33b721a0 wp-block-group-is-layout-constrained\" style=\"margin-top:0;margin-bottom:0;padding-top:0;padding-right:0;padding-left:0\">\n<div class=\"wp-block-cover alignfull\" style=\"padding-top:0;padding-right:var(--wp--preset--spacing--30);padding-bottom:0;padding-left:var(--wp--preset--spacing--30);min-height:50px;aspect-ratio:unset;\"><span aria-hidden=\"true\" class=\"wp-block-cover__background has-black-background-color has-background-dim-60 has-background-dim\"><\/span><img loading=\"lazy\" decoding=\"async\" width=\"1280\" height=\"854\" class=\"wp-block-cover__image-background wp-image-77\" alt=\"\" src=\"https:\/\/hullrobot.ee\/wp-content\/uploads\/2024\/07\/f99699ae586a4a51ddfeaf27f08971f5f9dd9031.jpg\" data-object-fit=\"cover\" srcset=\"https:\/\/hullrobot.ee\/wp-content\/uploads\/2024\/07\/f99699ae586a4a51ddfeaf27f08971f5f9dd9031.jpg 1280w, https:\/\/hullrobot.ee\/wp-content\/uploads\/2024\/07\/f99699ae586a4a51ddfeaf27f08971f5f9dd9031-300x200.jpg 300w, https:\/\/hullrobot.ee\/wp-content\/uploads\/2024\/07\/f99699ae586a4a51ddfeaf27f08971f5f9dd9031-1024x683.jpg 1024w, https:\/\/hullrobot.ee\/wp-content\/uploads\/2024\/07\/f99699ae586a4a51ddfeaf27f08971f5f9dd9031-768x512.jpg 768w, https:\/\/hullrobot.ee\/wp-content\/uploads\/2024\/07\/f99699ae586a4a51ddfeaf27f08971f5f9dd9031-600x400.jpg 600w\" sizes=\"auto, (max-width: 1280px) 100vw, 1280px\" \/><div class=\"wp-block-cover__inner-container is-layout-flow wp-block-cover-is-layout-flow\">\n<div class=\"wp-block-group has-global-padding is-layout-constrained wp-block-group-is-layout-constrained\" style=\"padding-top:var(--wp--preset--spacing--60);padding-bottom:var(--wp--preset--spacing--60)\">\n<div class=\"wp-block-group alignwide has-global-padding is-content-justification-center is-layout-constrained wp-block-group-is-layout-constrained\">\n<h1 class=\"wp-block-heading has-text-align-center has-text-color has-x-large-font-size\" style=\"color:#fffffffc\">Mis on KeelCrab\u2122?<\/h1>\n\n\n\n<p class=\"has-text-align-center has-text-color\" style=\"color:#fffffffc;margin-top:16px\">HULLROBOT: revolutsioon paadikerede puhastamisel<\/p>\n<\/div>\n<\/div>\n<\/div><\/div>\n<\/div>\n\n\n\n<div class=\"wp-block-group alignfull has-background-background-color has-background has-global-padding is-layout-constrained wp-container-core-group-is-layout-7276a2bb wp-block-group-is-layout-constrained\" style=\"margin-top:0;margin-bottom:0;padding-top:var(--wp--preset--spacing--60);padding-right:var(--wp--preset--spacing--30);padding-bottom:var(--wp--preset--spacing--60);padding-left:var(--wp--preset--spacing--30)\">\n<div class=\"wp-block-columns alignwide is-layout-flex wp-container-core-columns-is-layout-47c06fe3 wp-block-columns-is-layout-flex\">\n<div class=\"wp-block-column is-layout-flow wp-block-column-is-layout-flow\" style=\"flex-basis:50%\">\n<h2 class=\"wp-block-heading has-text-align-left has-large-font-size\">Mis on KeelCrab\u2122?<\/h2>\n\n\n\n<figure class=\"wp-block-image size-large\"><img loading=\"lazy\" decoding=\"async\" width=\"1024\" height=\"683\" src=\"https:\/\/hullrobot.ee\/wp-content\/uploads\/2024\/07\/KEELCRAB001255-1024x683.jpg\" alt=\"\" class=\"wp-image-117\" srcset=\"https:\/\/hullrobot.ee\/wp-content\/uploads\/2024\/07\/KEELCRAB001255-1024x683.jpg 1024w, https:\/\/hullrobot.ee\/wp-content\/uploads\/2024\/07\/KEELCRAB001255-300x200.jpg 300w, https:\/\/hullrobot.ee\/wp-content\/uploads\/2024\/07\/KEELCRAB001255-768x512.jpg 768w, https:\/\/hullrobot.ee\/wp-content\/uploads\/2024\/07\/KEELCRAB001255-1536x1024.jpg 1536w, https:\/\/hullrobot.ee\/wp-content\/uploads\/2024\/07\/KEELCRAB001255-2048x1365.jpg 2048w, https:\/\/hullrobot.ee\/wp-content\/uploads\/2024\/07\/KEELCRAB001255-600x400.jpg 600w\" sizes=\"auto, (max-width: 1024px) 100vw, 1024px\" \/><\/figure>\n\n\n\n<figure class=\"wp-block-image size-large\"><img loading=\"lazy\" decoding=\"async\" width=\"1024\" height=\"683\" src=\"https:\/\/hullrobot.ee\/wp-content\/uploads\/2024\/07\/KEELCRAB001261-1024x683.jpg\" alt=\"\" class=\"wp-image-116\" srcset=\"https:\/\/hullrobot.ee\/wp-content\/uploads\/2024\/07\/KEELCRAB001261-1024x683.jpg 1024w, https:\/\/hullrobot.ee\/wp-content\/uploads\/2024\/07\/KEELCRAB001261-300x200.jpg 300w, https:\/\/hullrobot.ee\/wp-content\/uploads\/2024\/07\/KEELCRAB001261-768x512.jpg 768w, https:\/\/hullrobot.ee\/wp-content\/uploads\/2024\/07\/KEELCRAB001261-1536x1024.jpg 1536w, https:\/\/hullrobot.ee\/wp-content\/uploads\/2024\/07\/KEELCRAB001261-2048x1365.jpg 2048w, https:\/\/hullrobot.ee\/wp-content\/uploads\/2024\/07\/KEELCRAB001261-600x400.jpg 600w\" sizes=\"auto, (max-width: 1024px) 100vw, 1024px\" \/><\/figure>\n<\/div>\n\n\n\n<div class=\"wp-block-column is-layout-flow wp-container-core-column-is-layout-f5bb311e wp-block-column-is-layout-flow\" style=\"flex-basis:50%\">\n<h2 class=\"wp-block-heading has-large-font-size\">Paadikere puhastamiseks m\u00f5eldud allveedroon<\/h2>\n\n\n\n<p><strong>KEELCRAB<\/strong>&nbsp;on uue p\u00f5lvkonna allveerobot, mis on v\u00e4lja t\u00f6\u00f6tatud v\u00e4ikelaevade kere veealuseks puhastamiseks, hooldamiseks ja vaatlemiseks. S\u00fcsteemi t\u00f6\u00f6tas v\u00e4lja Itaalia ettev\u00f5te Aeffe Srl ning sealsamas Itaalias toimub siiani ka tootmine ja edasiarendus.<\/p>\n\n\n\n<p>Plastikust v\u00e4lisskelett ja neutraalne h\u00fcdrostaatiline ujuvus tagavad roboti ideaalse haardumise laevakere k\u00fclge t\u00e4nu tugevale vaakumefektile, mida tekitab v\u00f5imas meretingimustele kohandatud pumpmootor, eemaldades ja imedes endasse vetikaid v\u00f5i taimestikku, mis tavaliselt tekivad laevade veealustele osadele, kui need seisavad suletud vetes.<\/p>\n\n\n\n<p class=\"translation-block\">Roboti liikumine toimub looduslikust kummist v\u00f5i P.V.A.-st harjade abil, mida juhivad roomikud, v\u00f5imaldades h\u00f5lpsat man\u00f6\u00f6verdust igas suunas ja igal pinnal ning muutes drooni osavaks takistuste \u00fcletamisel.<\/p>\n\n\n\n<p class=\"translation-block\">K\u00f5rglahutusega veealune kaamera v\u00f5imaldab robotit juhtida juhtmega kaugjuhtimispuldi abil, kuvades videosignaali 7-tollisel ekraanil, tahvelarvutis v\u00f5i telefonis (valikuline).<\/p>\n\n\n\n<p class=\"translation-block\">Keelcrab on varustatud ka Diver Packiga \u2013 komplektiga, mis v\u00f5imaldab tuukritel seadet kasutada k\u00e4sijuhtimise re\u017eiimis.<\/p>\n\n\n\n<p class=\"translation-block\">Puhastusv\u00f5imekuse osas on droonil vastassuunaliselt p\u00f6\u00f6rlevad pehmendatud kettaharjad (15 mm liikumisulatus\/pinna kohandumine), mida juhib spetsiaalne veekindel mootor. Harjased on vahetatavad ja valmistatud nailonist ning roostevabast terasest, et tagada parim puhastustulemus vastavalt abrasiivsusn\u00f5uetele. Need A.N.C.C.P. sertifikaadiga harjad ei eemalda m\u00fcrkv\u00e4rve (antifouling), vaid hoopis pikendavad nende toimeaega ja eluiga.<\/p>\n\n\n\n<p>L\u00e4biviidud testid on n\u00e4idanud, et esimese taimkattekihi (3\u20135 mm) pidev eemaldamine pikendab m\u00e4rkimisv\u00e4\u00e4rselt m\u00fcrkv\u00e4rvi kasutusiga (sest v\u00e4rv puutub taas otseselt kokku veega), mis omakorda aeglustab oluliselt karpide (nn \u201ckoerahammaste\u201d) tekkimist keskpikas perspektiivis, v\u00e4hendab k\u00fctusekulu (ja sellega seotud heitmeid) ning s\u00e4ilitab k\u00f5rge purjetamisv\u00f5imekuse (t\u00e4nu v\u00e4iksemale h\u00f5\u00f5rdumisele vee ja kere vahel).<\/p>\n<\/div>\n<\/div>\n<\/div>\n\n\n\n<div class=\"wp-block-group alignfull has-background-background-color has-background has-global-padding is-layout-constrained wp-container-core-group-is-layout-7276a2bb wp-block-group-is-layout-constrained\" style=\"margin-top:0;margin-bottom:0;padding-top:var(--wp--preset--spacing--60);padding-right:var(--wp--preset--spacing--30);padding-bottom:var(--wp--preset--spacing--60);padding-left:var(--wp--preset--spacing--30)\">\n<div class=\"wp-block-group alignwide has-tertiary-background-color has-background is-content-justification-space-between is-layout-flex wp-container-core-group-is-layout-4be20cc5 wp-block-group-is-layout-flex\" style=\"padding-top:var(--wp--preset--spacing--50);padding-right:var(--wp--preset--spacing--50);padding-bottom:var(--wp--preset--spacing--50);padding-left:var(--wp--preset--spacing--50)\">\n<div class=\"wp-block-group has-global-padding is-layout-constrained wp-block-group-is-layout-constrained\">\n<h2 class=\"wp-block-heading has-large-font-size\">Uus tase kerehoolduses<\/h2>\n\n\n\n<p style=\"margin-top:16px\">Saa osa tulevikutehnoloogiast HULLROBOTi abil. Innovatiivse KeelCrab Pro abil puhastame paadip\u00f5hja otse sinu kodusadamas!<\/p>\n<\/div>\n\n\n\n<div class=\"wp-block-buttons is-content-justification-left is-layout-flex wp-container-core-buttons-is-layout-82056a45 wp-block-buttons-is-layout-flex\">\n<div class=\"wp-block-button is-style-outline is-style-outline--1\"><a class=\"wp-block-button__link wp-element-button\" href=\"https:\/\/keelcrab.com\/en\/boats-underwater-mechatronics\/\">Loe lisa<\/a><\/div>\n\n\n\n<div class=\"wp-block-button\"><a class=\"wp-block-button__link wp-element-button\" href=\"\/et\/contact\/\">Broneeri aeg<\/a><\/div>\n<\/div>\n<\/div>\n<\/div>","protected":false},"excerpt":{"rendered":"<p>What is the KeelCrab? A revolution in hull maintenance THE KEELCRAB&nbsp;is the first of the new generation of submarine robots entirely designed and manufactured in Italy (100% made in Italy) to perform robotic cleaning, maintenance and hull inspection activities. Characterized by a plastic exoskeleton with a neutral hydrostatic buoyancy, it maintains perfect adherence to the [&hellip;]<\/p>\n","protected":false},"author":1,"featured_media":0,"parent":0,"menu_order":0,"comment_status":"closed","ping_status":"closed","template":"no-title","meta":{"_monsterinsights_skip_tracking":false,"_monsterinsights_sitenote_active":false,"_monsterinsights_sitenote_note":"","_monsterinsights_sitenote_category":0,"footnotes":""},"class_list":["post-61","page","type-page","status-publish","hentry"],"aioseo_notices":[],"_links":{"self":[{"href":"https:\/\/hullrobot.ee\/et\/wp-json\/wp\/v2\/pages\/61","targetHints":{"allow":["GET"]}}],"collection":[{"href":"https:\/\/hullrobot.ee\/et\/wp-json\/wp\/v2\/pages"}],"about":[{"href":"https:\/\/hullrobot.ee\/et\/wp-json\/wp\/v2\/types\/page"}],"author":[{"embeddable":true,"href":"https:\/\/hullrobot.ee\/et\/wp-json\/wp\/v2\/users\/1"}],"replies":[{"embeddable":true,"href":"https:\/\/hullrobot.ee\/et\/wp-json\/wp\/v2\/comments?post=61"}],"version-history":[{"count":6,"href":"https:\/\/hullrobot.ee\/et\/wp-json\/wp\/v2\/pages\/61\/revisions"}],"predecessor-version":[{"id":291,"href":"https:\/\/hullrobot.ee\/et\/wp-json\/wp\/v2\/pages\/61\/revisions\/291"}],"wp:attachment":[{"href":"https:\/\/hullrobot.ee\/et\/wp-json\/wp\/v2\/media?parent=61"}],"curies":[{"name":"wp","href":"https:\/\/api.w.org\/{rel}","templated":true}]}}