{"id":60,"date":"2024-07-09T18:53:27","date_gmt":"2024-07-09T18:53:27","guid":{"rendered":"https:\/\/hullrobot.ee\/contact\/"},"modified":"2025-07-12T06:23:56","modified_gmt":"2025-07-12T06:23:56","slug":"contact","status":"publish","type":"page","link":"https:\/\/hullrobot.ee\/et\/contact\/","title":{"rendered":"Kontakt"},"content":{"rendered":"<div class=\"wp-block-group alignfull has-background-background-color has-background has-global-padding is-layout-constrained wp-container-core-group-is-layout-33b721a0 wp-block-group-is-layout-constrained\" style=\"margin-top:0;margin-bottom:0;padding-top:0;padding-right:0;padding-left:0\">\n<div class=\"wp-block-cover alignfull\" style=\"padding-top:0;padding-right:var(--wp--preset--spacing--30);padding-bottom:0;padding-left:var(--wp--preset--spacing--30);min-height:50px;aspect-ratio:unset;\"><img loading=\"lazy\" decoding=\"async\" width=\"1280\" height=\"854\" class=\"wp-block-cover__image-background wp-image-77\" alt=\"\" src=\"https:\/\/hullrobot.ee\/wp-content\/uploads\/2024\/07\/f99699ae586a4a51ddfeaf27f08971f5f9dd9031.jpg\" data-object-fit=\"cover\" srcset=\"https:\/\/hullrobot.ee\/wp-content\/uploads\/2024\/07\/f99699ae586a4a51ddfeaf27f08971f5f9dd9031.jpg 1280w, https:\/\/hullrobot.ee\/wp-content\/uploads\/2024\/07\/f99699ae586a4a51ddfeaf27f08971f5f9dd9031-300x200.jpg 300w, https:\/\/hullrobot.ee\/wp-content\/uploads\/2024\/07\/f99699ae586a4a51ddfeaf27f08971f5f9dd9031-1024x683.jpg 1024w, https:\/\/hullrobot.ee\/wp-content\/uploads\/2024\/07\/f99699ae586a4a51ddfeaf27f08971f5f9dd9031-768x512.jpg 768w, https:\/\/hullrobot.ee\/wp-content\/uploads\/2024\/07\/f99699ae586a4a51ddfeaf27f08971f5f9dd9031-600x400.jpg 600w\" sizes=\"auto, (max-width: 1280px) 100vw, 1280px\" \/><span aria-hidden=\"true\" class=\"wp-block-cover__background has-black-background-color has-background-dim-60 has-background-dim\"><\/span><div class=\"wp-block-cover__inner-container is-layout-flow wp-block-cover-is-layout-flow\">\n<div class=\"wp-block-group has-global-padding is-layout-constrained wp-block-group-is-layout-constrained\" style=\"padding-top:var(--wp--preset--spacing--60);padding-bottom:var(--wp--preset--spacing--60)\">\n<div class=\"wp-block-group alignwide has-global-padding is-content-justification-center is-layout-constrained wp-block-group-is-layout-constrained\">\n<h1 class=\"wp-block-heading has-text-align-center has-text-color has-x-large-font-size\" style=\"color:#fffffffc\">HULLROBOT ootab<\/h1>\n\n\n\n<p class=\"has-text-align-center has-text-color\" style=\"color:#fffffffc;margin-top:16px\">K\u00fcsimused? Soovid? Ideed? V\u00f5ta meiega \u00fchendust!<\/p>\n<\/div>\n<\/div>\n<\/div><\/div>\n<\/div>\n\n\n\n<div class=\"wp-block-group alignfull has-background-background-color has-background has-global-padding is-layout-constrained wp-container-core-group-is-layout-7276a2bb wp-block-group-is-layout-constrained\" style=\"margin-top:0;margin-bottom:0;padding-top:var(--wp--preset--spacing--60);padding-right:var(--wp--preset--spacing--30);padding-bottom:var(--wp--preset--spacing--60);padding-left:var(--wp--preset--spacing--30)\">\n<div class=\"wp-block-columns alignwide is-layout-flex wp-container-core-columns-is-layout-47c06fe3 wp-block-columns-is-layout-flex\">\n<div class=\"wp-block-column is-layout-flow wp-container-core-column-is-layout-8a368f38 wp-block-column-is-layout-flow\" style=\"flex-basis:50%\">\n<figure class=\"wp-block-image size-large\"><img loading=\"lazy\" decoding=\"async\" width=\"1024\" height=\"576\" src=\"https:\/\/hullrobot.ee\/wp-content\/uploads\/2024\/07\/IMG_7211-1024x576.jpeg\" alt=\"\" class=\"wp-image-89\" style=\"aspect-ratio:4\/3;object-fit:cover\" srcset=\"https:\/\/hullrobot.ee\/wp-content\/uploads\/2024\/07\/IMG_7211-1024x576.jpeg 1024w, https:\/\/hullrobot.ee\/wp-content\/uploads\/2024\/07\/IMG_7211-300x169.jpeg 300w, https:\/\/hullrobot.ee\/wp-content\/uploads\/2024\/07\/IMG_7211-768x432.jpeg 768w, https:\/\/hullrobot.ee\/wp-content\/uploads\/2024\/07\/IMG_7211-1536x864.jpeg 1536w, https:\/\/hullrobot.ee\/wp-content\/uploads\/2024\/07\/IMG_7211-2048x1152.jpeg 2048w, https:\/\/hullrobot.ee\/wp-content\/uploads\/2024\/07\/IMG_7211-600x338.jpeg 600w\" sizes=\"auto, (max-width: 1024px) 100vw, 1024px\" \/><\/figure>\n\n\n\n<div class=\"wp-block-group has-tertiary-background-color has-background has-global-padding is-layout-constrained wp-container-core-group-is-layout-24fca791 wp-block-group-is-layout-constrained\" style=\"padding-top:var(--wp--preset--spacing--30);padding-right:24px;padding-bottom:var(--wp--preset--spacing--30);padding-left:24px\">\n<p>\u00dcksk\u00f5ik, kas otsid kaatrit mereleminekuks v\u00f5i abi oma alusega, aitame leida lahenduse!<\/p>\n\n\n\n<p>Kruiisi koos meiega ja avasta Eesti kaunid rannikuveed, saared ja jahisadamad turvaliselt, mugavalt ja muretult.<\/p>\n\n\n\n<p>Tutvu veealuse paadip\u00f5hja puhastusega revolutsioonilise KeelCrab Pro droonitehnoloogia abil.<\/p>\n\n\n\n<p>Leia lahendused oma aluse kere, mootori, lisavarustuse ja elektroonika probleemidele.<\/p>\n\n\n\n<div class=\"wp-block-group is-nowrap is-layout-flex wp-container-core-group-is-layout-3b4e9d3e wp-block-group-is-layout-flex\">\n<div class=\"wp-block-group has-global-padding is-layout-constrained wp-block-group-is-layout-constrained\">\n<h4 class=\"wp-block-heading has-text-align-left has-small-font-size\">HULLROBOT<\/h4>\n\n\n\n<p class=\"has-text-align-left has-small-font-size\" style=\"margin-top:2px\">powered by KeelCrab\u2122<\/p>\n<\/div>\n<\/div>\n<\/div>\n\n\n\n<div class=\"wp-block-group is-vertical is-layout-flex wp-container-core-group-is-layout-fe9cc265 wp-block-group-is-layout-flex\"><\/div>\n\n\n\n<p><\/p>\n\n\n\n<div class=\"wp-block-group is-vertical is-layout-flex wp-container-core-group-is-layout-fe9cc265 wp-block-group-is-layout-flex\">\n<h2 class=\"wp-block-heading\">Ettev\u00f5tte andmed:<\/h2>\n\n\n\n<p class=\"has-medium-font-size\" style=\"margin-top:0\"><strong>HULL ROBOT O\u00dc<\/strong><\/p>\n\n\n\n<p class=\"has-medium-font-size\" style=\"margin-top:8px\">Viu 20<br>Tallinn 13425<br>Registrikood 17014130<\/p>\n\n\n\n<p>tel +372 5302 6877<\/p>\n\n\n\n<p class=\"has-medium-font-size\" style=\"margin-top:8px\">info (at) hullrobot.ee<\/p>\n<\/div>\n<\/div>\n\n\n\n<div class=\"wp-block-column is-layout-flow wp-block-column-is-layout-flow\" style=\"flex-basis:50%\">\n<h2 class=\"wp-block-heading has-large-font-size\">Kuidas meid leida:<\/h2>\n\n\n\n<p class=\"has-medium-font-size\"><strong>HULLROBOT KeelCrab\u2122 Point<\/strong><br>Port Noblessner (EE NOB)<br>D kai<br>Tallinn 10415<\/p>\n\n\n\n<p class=\"has-medium-font-size\"><strong>WGS84 59\u00b027&#8217;12.8&#8243;N, 24\u00b043&#8217;54.1&#8243;E<\/strong><\/p>\n\n\n\n<p class=\"has-medium-font-size\" style=\"margin-top:8px\"><\/p>\n\n\n\n<p class=\"has-medium-font-size\" style=\"margin-top:8px\"><\/p>\n\n\n\n<figure class=\"wp-block-image size-large\"><img loading=\"lazy\" decoding=\"async\" width=\"576\" height=\"1024\" src=\"https:\/\/hullrobot.ee\/wp-content\/uploads\/2024\/07\/IMG_7246-576x1024.jpeg\" alt=\"\" class=\"wp-image-120\" srcset=\"https:\/\/hullrobot.ee\/wp-content\/uploads\/2024\/07\/IMG_7246-576x1024.jpeg 576w, https:\/\/hullrobot.ee\/wp-content\/uploads\/2024\/07\/IMG_7246-169x300.jpeg 169w, https:\/\/hullrobot.ee\/wp-content\/uploads\/2024\/07\/IMG_7246-768x1365.jpeg 768w, https:\/\/hullrobot.ee\/wp-content\/uploads\/2024\/07\/IMG_7246-864x1536.jpeg 864w, https:\/\/hullrobot.ee\/wp-content\/uploads\/2024\/07\/IMG_7246-1152x2048.jpeg 1152w, https:\/\/hullrobot.ee\/wp-content\/uploads\/2024\/07\/IMG_7246-600x1067.jpeg 600w, https:\/\/hullrobot.ee\/wp-content\/uploads\/2024\/07\/IMG_7246-scaled.jpeg 1440w\" sizes=\"auto, (max-width: 576px) 100vw, 576px\" \/><\/figure>\n\n\n\n<p><\/p>\n<\/div>\n<\/div>\n<\/div>","protected":false},"excerpt":{"rendered":"<p>Whether you are looking to charter a boat or help with the one you own, we are there to help. Cruise with us to experience Estonia&#8217;s beautiful coastal waters, islands and marinas in safety and comfort. Discover underwater boat hull cleaning with the revolutionary KeelCrab Pro drone technology. Find solutions to issues with your vessel&#8217;s [&hellip;]<\/p>\n","protected":false},"author":1,"featured_media":0,"parent":0,"menu_order":0,"comment_status":"closed","ping_status":"closed","template":"no-title","meta":{"_monsterinsights_skip_tracking":false,"_monsterinsights_sitenote_active":false,"_monsterinsights_sitenote_note":"","_monsterinsights_sitenote_category":0,"footnotes":""},"class_list":["post-60","page","type-page","status-publish","hentry"],"aioseo_notices":[],"_links":{"self":[{"href":"https:\/\/hullrobot.ee\/et\/wp-json\/wp\/v2\/pages\/60","targetHints":{"allow":["GET"]}}],"collection":[{"href":"https:\/\/hullrobot.ee\/et\/wp-json\/wp\/v2\/pages"}],"about":[{"href":"https:\/\/hullrobot.ee\/et\/wp-json\/wp\/v2\/types\/page"}],"author":[{"embeddable":true,"href":"https:\/\/hullrobot.ee\/et\/wp-json\/wp\/v2\/users\/1"}],"replies":[{"embeddable":true,"href":"https:\/\/hullrobot.ee\/et\/wp-json\/wp\/v2\/comments?post=60"}],"version-history":[{"count":8,"href":"https:\/\/hullrobot.ee\/et\/wp-json\/wp\/v2\/pages\/60\/revisions"}],"predecessor-version":[{"id":252,"href":"https:\/\/hullrobot.ee\/et\/wp-json\/wp\/v2\/pages\/60\/revisions\/252"}],"wp:attachment":[{"href":"https:\/\/hullrobot.ee\/et\/wp-json\/wp\/v2\/media?parent=60"}],"curies":[{"name":"wp","href":"https:\/\/api.w.org\/{rel}","templated":true}]}}