{"id":254,"date":"2025-07-12T08:14:44","date_gmt":"2025-07-12T08:14:44","guid":{"rendered":"https:\/\/hullrobot.ee\/?page_id=254"},"modified":"2025-08-02T06:30:35","modified_gmt":"2025-08-02T06:30:35","slug":"pricing","status":"publish","type":"page","link":"https:\/\/hullrobot.ee\/et\/cruises-charters\/pricing\/","title":{"rendered":"Hinnad"},"content":{"rendered":"<h2 class=\"wp-block-heading has-large-font-size\">L\u00e4bipaistev ja paindlik hinnastamine<\/h2>\n\n\n\n<p style=\"margin-top:16px\">Kaatris\u00f5idu planeerimisel on kaks peamist kuluallikat \u2013 aeg ja k\u00fctus. Et pakkuda oma klientidele parimat v\u00f5imalikku hinda, arvestame neid komponente eraldi. <\/p>\n\n\n\n<p style=\"margin-top:16px\">Olenemata sellest, kas eelistad rahulikku loojangukruiisi jooke nautides ja muusikat kuulates, adrenaliinirohket kihutamist l\u00e4bi lainete, p\u00e4evareisi ujumise, p\u00e4evitamise ja veem\u00e4nguasjadega, piknikku saarel v\u00f5i nende kombinatsiooni \u2013 meil on sulle sobiv lahendus konkurentsiv\u00f5imelise hinnaga.<\/p>\n\n\n\n<figure class=\"wp-block-image size-large\"><img loading=\"lazy\" decoding=\"async\" width=\"1024\" height=\"576\" src=\"https:\/\/hullrobot.ee\/wp-content\/uploads\/2025\/07\/IMG_7718-1024x576.jpeg\" alt=\"\" class=\"wp-image-168\" style=\"aspect-ratio:4\/3;object-fit:cover\" srcset=\"https:\/\/hullrobot.ee\/wp-content\/uploads\/2025\/07\/IMG_7718-1024x576.jpeg 1024w, https:\/\/hullrobot.ee\/wp-content\/uploads\/2025\/07\/IMG_7718-300x169.jpeg 300w, https:\/\/hullrobot.ee\/wp-content\/uploads\/2025\/07\/IMG_7718-768x432.jpeg 768w, https:\/\/hullrobot.ee\/wp-content\/uploads\/2025\/07\/IMG_7718-1536x864.jpeg 1536w, https:\/\/hullrobot.ee\/wp-content\/uploads\/2025\/07\/IMG_7718-2048x1152.jpeg 2048w, https:\/\/hullrobot.ee\/wp-content\/uploads\/2025\/07\/IMG_7718-600x338.jpeg 600w\" sizes=\"auto, (max-width: 1024px) 100vw, 1024px\" \/><\/figure>\n\n\n\n<div class=\"wp-block-group has-tertiary-background-color has-background has-global-padding is-layout-constrained wp-container-core-group-is-layout-a666d811 wp-block-group-is-layout-constrained\" style=\"padding-top:var(--wp--preset--spacing--40);padding-right:var(--wp--preset--spacing--40);padding-bottom:var(--wp--preset--spacing--40);padding-left:var(--wp--preset--spacing--40)\">\n<p class=\"has-text-align-center translation-block\">Hinnakirjad PDF formaadis: <a href=\"https:\/\/hullrobot.ee\/wp-content\/uploads\/2025\/07\/Stella-Maris-Pricelist-2025.pdf\" target=\"_blank\" rel=\"noopener\" title=\"English\">English<\/a> <a href=\"https:\/\/hullrobot.ee\/wp-content\/uploads\/2025\/07\/Stella-Maris-Pricelist-2025est.pdf\" target=\"_blank\" rel=\"noopener\" title=\"\">Estonian<\/a><\/p>\n\n\n\n<p class=\"has-text-align-center\"><strong>HINNAKIRI 2025<\/strong><\/p>\n\n\n\n<p><strong>Total cost = Time + Fuel + Extra fees &amp; services<\/strong><\/p>\n\n\n\n<div class=\"wp-block-group is-layout-grid wp-container-core-group-is-layout-478b6e6b wp-block-group-is-layout-grid\">\n<p class=\"wp-container-content-69bc4bdf\"><strong>Reisi kestvus<\/strong><\/p>\n\n\n\n<p class=\"has-text-align-right wp-container-content-69bc4bdf\"><strong>Tunni hind, \u20ac<\/strong><\/p>\n\n\n\n<p class=\"wp-container-content-69bc4bdf\">1-2 tundi<\/p>\n\n\n\n<p class=\"has-text-align-right\">100<\/p>\n\n\n\n<p>3-5 tundi<\/p>\n\n\n\n<p class=\"has-text-align-right wp-container-content-69bc4bdf\">90<\/p>\n\n\n\n<p>6+ tundi<\/p>\n\n\n\n<p class=\"has-text-align-right\">80<\/p>\n<\/div>\n\n\n\n<p><\/p>\n\n\n\n<p>K\u00fctusekulu ligikaudseks hindamiseks v\u00f5ib arvestada 2,5 liitrit meremiili kohta (1,25 liitrit kilomeetri kohta).<\/p>\n\n\n\n<div class=\"wp-block-group is-layout-grid wp-container-core-group-is-layout-478b6e6b wp-block-group-is-layout-grid\">\n<p class=\"wp-container-content-69bc4bdf\"><strong>Kiirus<\/strong><\/p>\n\n\n\n<p class=\"has-text-align-right wp-container-content-69bc4bdf\"><strong>K\u00fctusekulu (liitrit tunnis)<\/strong>)<\/p>\n\n\n\n<p class=\"has-text-align-left wp-container-content-69bc4bdf\">t\u00fchik\u00e4ik (ainult generaator)<\/p>\n\n\n\n<p class=\"has-text-align-right\">3.5<\/p>\n\n\n\n<p>7 s\u00f5lme (rahulik s\u00f5it)<\/p>\n\n\n\n<p class=\"has-text-align-right\">12<\/p>\n\n\n\n<p>22 s\u00f5lme (kiirem s\u00f5it)<\/p>\n\n\n\n<p class=\"has-text-align-right\">50<\/p>\n\n\n\n<p class=\"wp-container-content-69bc4bdf\">33 s\u00f5lme (gaas p\u00f5hjas)<\/p>\n\n\n\n<p class=\"has-text-align-right\">85<\/p>\n<\/div>\n\n\n\n<p class=\"has-text-align-center\" style=\"margin-top:8px\"><\/p>\n\n\n\n<p class=\"wp-container-content-69bc4bdf\"><strong>Additional fees &amp; services<\/strong><\/p>\n\n\n\n<div class=\"wp-block-group is-layout-grid wp-container-core-group-is-layout-478b6e6b wp-block-group-is-layout-grid\">\n<p class=\"wp-container-content-69bc4bdf\">Ootetund sadamas (seisva mootoriga)<\/p>\n\n\n\n<p class=\"has-text-align-right wp-container-content-69bc4bdf\">30<\/p>\n\n\n\n<p>Sadamatasud teistes sadamates<\/p>\n\n\n\n<p>tegelik kulu, 10-40\u20ac s\u00f5ltuvalt sihtkohast ja kohapeal viibitud ajast.<\/p>\n\n\n\n<p>SUP laud<\/p>\n\n\n\n<p class=\"has-text-align-right\">15<\/p>\n\n\n\n<p>Wakeboardi varustus<\/p>\n\n\n\n<p class=\"has-text-align-right\">k\u00fcsi pakkumist<\/p>\n\n\n\n<p>Snorgeldamis- ja sukeldumisvarustus<\/p>\n\n\n\n<p class=\"has-text-align-right\">k\u00fcsi pakkumist<\/p>\n\n\n\n<p>Abipaat randumiseks v\u00e4ljaspool v\u00e4ikesadamaid<\/p>\n\n\n\n<p class=\"has-text-align-right\">k\u00fcsi pakkumist<\/p>\n\n\n\n<p>Toit ja jook<\/p>\n\n\n\n<p class=\"has-text-align-right\">k\u00fcsi pakkumist<\/p>\n<\/div>\n\n\n\n<p><\/p>\n\n\n\n<p><strong>Teie soovidele ja vajadustele kohandatud personaalse pakkumise saamiseks v\u00f5tke \u00fchendust!<\/strong><\/p>\n<\/div>","protected":false},"excerpt":{"rendered":"<p>Transparency and Flexibility There are two major costs involved in planning a motorboat voyage &#8211; time and fuel spent. To keep our pricing flexible and fair towards our customers, we have therefore separated these components. Whether you prefer a leisurely cruise sipping drinks and listening to music while watching the sun set on the horizon, [&hellip;]<\/p>\n","protected":false},"author":1,"featured_media":0,"parent":136,"menu_order":0,"comment_status":"closed","ping_status":"closed","template":"","meta":{"_monsterinsights_skip_tracking":false,"_monsterinsights_sitenote_active":false,"_monsterinsights_sitenote_note":"","_monsterinsights_sitenote_category":0,"footnotes":""},"class_list":["post-254","page","type-page","status-publish","hentry"],"aioseo_notices":[],"_links":{"self":[{"href":"https:\/\/hullrobot.ee\/et\/wp-json\/wp\/v2\/pages\/254","targetHints":{"allow":["GET"]}}],"collection":[{"href":"https:\/\/hullrobot.ee\/et\/wp-json\/wp\/v2\/pages"}],"about":[{"href":"https:\/\/hullrobot.ee\/et\/wp-json\/wp\/v2\/types\/page"}],"author":[{"embeddable":true,"href":"https:\/\/hullrobot.ee\/et\/wp-json\/wp\/v2\/users\/1"}],"replies":[{"embeddable":true,"href":"https:\/\/hullrobot.ee\/et\/wp-json\/wp\/v2\/comments?post=254"}],"version-history":[{"count":8,"href":"https:\/\/hullrobot.ee\/et\/wp-json\/wp\/v2\/pages\/254\/revisions"}],"predecessor-version":[{"id":345,"href":"https:\/\/hullrobot.ee\/et\/wp-json\/wp\/v2\/pages\/254\/revisions\/345"}],"up":[{"embeddable":true,"href":"https:\/\/hullrobot.ee\/et\/wp-json\/wp\/v2\/pages\/136"}],"wp:attachment":[{"href":"https:\/\/hullrobot.ee\/et\/wp-json\/wp\/v2\/media?parent=254"}],"curies":[{"name":"wp","href":"https:\/\/api.w.org\/{rel}","templated":true}]}}