{"id":237,"date":"2025-07-12T05:43:21","date_gmt":"2025-07-12T05:43:21","guid":{"rendered":"https:\/\/hullrobot.ee\/?page_id=237"},"modified":"2025-07-12T06:13:26","modified_gmt":"2025-07-12T06:13:26","slug":"about-us","status":"publish","type":"page","link":"https:\/\/hullrobot.ee\/et\/about-us\/","title":{"rendered":"About Us"},"content":{"rendered":"<div class=\"wp-block-group alignfull has-background-background-color has-background has-global-padding is-layout-constrained wp-container-core-group-is-layout-1765a8f1 wp-block-group-is-layout-constrained\" style=\"margin-top:0;margin-bottom:0;padding-top:var(--wp--preset--spacing--30);padding-bottom:var(--wp--preset--spacing--60)\">\n<div class=\"wp-block-columns alignwide are-vertically-aligned-center has-tertiary-background-color has-background is-layout-flex wp-container-core-columns-is-layout-103b4147 wp-block-columns-is-layout-flex\" style=\"border-top-left-radius:1rem;border-top-right-radius:1rem;border-bottom-left-radius:1rem;border-bottom-right-radius:10rem;padding-top:var(--wp--preset--spacing--60);padding-right:var(--wp--preset--spacing--50);padding-bottom:var(--wp--preset--spacing--60);padding-left:var(--wp--preset--spacing--50)\">\n<div class=\"wp-block-column is-vertically-aligned-center is-layout-flow wp-block-column-is-layout-flow\">\n<div class=\"wp-block-group has-global-padding is-content-justification-left is-layout-constrained wp-container-core-group-is-layout-12dd3699 wp-block-group-is-layout-constrained\">\n<h1 class=\"wp-block-heading\">Meist<\/h1>\n\n\n\n<p style=\"margin-top:16px\">HULLROBOT on Eesti v\u00e4ikelaevanduse ja hobimerenduse sektoris tegutsev pereettev\u00f5te.<\/p>\n\n\n\n<div class=\"wp-block-group is-nowrap is-layout-flex wp-container-core-group-is-layout-6c531013 wp-block-group-is-layout-flex\">\n<p>Alustasime aastal 2024 innovatiivse Itaalias paadikerede puhastamiseks v\u00e4lja t\u00f6\u00f6tatud ja toodetud KeelCrab\u2122 allveedrooni toomisega Eesti turule.<\/p>\n<\/div>\n\n\n\n<p>2025. aasta suvel lisasime pakutavate teenuste hulka ka muud kaatrite ja jahtide remondi- ja hooldust\u00f6\u00f6d, samuti kaatrirendi. Meie lipulaevaks on kiire, mugav ja merekindel 8-meetrine kaater Stella Maris.<\/p>\n\n\n\n<p style=\"margin-top:16px\">Meie kodusadam on Port Noblessner Tallinnas,<\/p>\n\n\n\n<div class=\"wp-block-buttons is-content-justification-left is-layout-flex wp-container-core-buttons-is-layout-ec155617 wp-block-buttons-is-layout-flex\" style=\"margin-top:var(--wp--preset--spacing--40)\">\n<div class=\"wp-block-button\"><a class=\"wp-block-button__link wp-element-button\" href=\"https:\/\/hullrobot.ee\/et\/contact\/\">V\u00d5TA \u00dcHENDUST<\/a><\/div>\n<\/div>\n<\/div>\n<\/div>\n\n\n\n<div class=\"wp-block-column is-vertically-aligned-center is-layout-flow wp-block-column-is-layout-flow\" style=\"flex-basis:30%\">\n<figure class=\"wp-block-image size-large has-custom-border is-style-default\"><img loading=\"lazy\" decoding=\"async\" width=\"576\" height=\"1024\" src=\"https:\/\/hullrobot.ee\/wp-content\/uploads\/2024\/07\/IMG_7246-576x1024.jpeg\" alt=\"\" class=\"wp-image-120\" style=\"border-radius:20rem;aspect-ratio:2\/3;object-fit:cover\" srcset=\"https:\/\/hullrobot.ee\/wp-content\/uploads\/2024\/07\/IMG_7246-576x1024.jpeg 576w, https:\/\/hullrobot.ee\/wp-content\/uploads\/2024\/07\/IMG_7246-169x300.jpeg 169w, https:\/\/hullrobot.ee\/wp-content\/uploads\/2024\/07\/IMG_7246-768x1365.jpeg 768w, https:\/\/hullrobot.ee\/wp-content\/uploads\/2024\/07\/IMG_7246-864x1536.jpeg 864w, https:\/\/hullrobot.ee\/wp-content\/uploads\/2024\/07\/IMG_7246-1152x2048.jpeg 1152w, https:\/\/hullrobot.ee\/wp-content\/uploads\/2024\/07\/IMG_7246-600x1067.jpeg 600w, https:\/\/hullrobot.ee\/wp-content\/uploads\/2024\/07\/IMG_7246-scaled.jpeg 1440w\" sizes=\"auto, (max-width: 576px) 100vw, 576px\" \/><\/figure>\n<\/div>\n<\/div>\n<\/div>","protected":false},"excerpt":{"rendered":"<p>Our Story HULLROBOT is a small family-owned and -operated company in the Estonian maritime sector. Established in 2024, we introduced the revolutionary KeelCrab\u2122 underwater hull cleaning technology to the Estonian market. In 2025, we expanded our operations to include a full spectrum of repair and maintenance services for boats and yachts as well as charter [&hellip;]<\/p>\n","protected":false},"author":1,"featured_media":0,"parent":0,"menu_order":0,"comment_status":"closed","ping_status":"closed","template":"","meta":{"_monsterinsights_skip_tracking":false,"_monsterinsights_sitenote_active":false,"_monsterinsights_sitenote_note":"","_monsterinsights_sitenote_category":0,"footnotes":""},"class_list":["post-237","page","type-page","status-publish","hentry"],"aioseo_notices":[],"_links":{"self":[{"href":"https:\/\/hullrobot.ee\/et\/wp-json\/wp\/v2\/pages\/237","targetHints":{"allow":["GET"]}}],"collection":[{"href":"https:\/\/hullrobot.ee\/et\/wp-json\/wp\/v2\/pages"}],"about":[{"href":"https:\/\/hullrobot.ee\/et\/wp-json\/wp\/v2\/types\/page"}],"author":[{"embeddable":true,"href":"https:\/\/hullrobot.ee\/et\/wp-json\/wp\/v2\/users\/1"}],"replies":[{"embeddable":true,"href":"https:\/\/hullrobot.ee\/et\/wp-json\/wp\/v2\/comments?post=237"}],"version-history":[{"count":6,"href":"https:\/\/hullrobot.ee\/et\/wp-json\/wp\/v2\/pages\/237\/revisions"}],"predecessor-version":[{"id":249,"href":"https:\/\/hullrobot.ee\/et\/wp-json\/wp\/v2\/pages\/237\/revisions\/249"}],"wp:attachment":[{"href":"https:\/\/hullrobot.ee\/et\/wp-json\/wp\/v2\/media?parent=237"}],"curies":[{"name":"wp","href":"https:\/\/api.w.org\/{rel}","templated":true}]}}